{"id":4333,"date":"2025-03-15T09:16:00","date_gmt":"2025-03-15T08:16:00","guid":{"rendered":"https:\/\/ba.be\/lab\/"},"modified":"2025-08-28T20:41:08","modified_gmt":"2025-08-28T18:41:08","slug":"lab","status":"publish","type":"page","link":"https:\/\/ba.be\/fr\/lab\/","title":{"rendered":"lab"},"content":{"rendered":"\t\t<div data-elementor-type=\"wp-page\" data-elementor-id=\"4333\" class=\"elementor elementor-4333 elementor-1115\" data-elementor-post-type=\"page\">\n\t\t\t\t<div class=\"elementor-element elementor-element-9f60948 e-flex e-con-boxed e-con e-parent\" data-id=\"9f60948\" data-element_type=\"container\" data-e-type=\"container\">\n\t\t\t\t\t<div class=\"e-con-inner\">\n\t\t<div class=\"elementor-element elementor-element-778ec53 e-con-full e-flex e-con e-child\" data-id=\"778ec53\" data-element_type=\"container\" data-e-type=\"container\">\n\t\t\t\t<div class=\"elementor-element elementor-element-964ceed elementor-widget elementor-widget-text-editor\" data-id=\"964ceed\" data-element_type=\"widget\" data-e-type=\"widget\" data-widget_type=\"text-editor.default\">\n\t\t\t\t<div class=\"elementor-widget-container\">\n\t\t\t\t\t\t\t\t\t<h2>Le lab : o\u00f9 l&rsquo;innovation et la pratique se rencontrent<\/h2><p class=\"p1\"><img decoding=\"async\" class=\"wp-image-3565 size-thumbnail alignleft\" src=\"https:\/\/ba.be\/wp-content\/uploads\/2025\/08\/logo-babe-lab-150x150.webp\" alt=\"logo BA lab\" width=\"150\" height=\"150\" srcset=\"https:\/\/ba.be\/wp-content\/uploads\/2025\/08\/logo-babe-lab-150x150.webp 150w, https:\/\/ba.be\/wp-content\/uploads\/2025\/08\/logo-babe-lab-300x300.webp 300w, https:\/\/ba.be\/wp-content\/uploads\/2025\/08\/logo-babe-lab.webp 592w\" sizes=\"(max-width: 150px) 100vw, 150px\" \/>\u00c0 la base de notre expertise se trouve une curiosit\u00e9 profonde. En nous appuyant sur notre exp\u00e9rience de journalistes techniques, nous avons cr\u00e9\u00e9 notre propre laboratoire : le lieu o\u00f9 nous mettons la th\u00e9orie en pratique. <\/p><p class=\"p1\">Dans le laboratoire, les nouvelles technologies sont test\u00e9es \u00e0 fond, les probl\u00e8mes complexes sont d\u00e9m\u00eal\u00e9s et des solutions innovantes naissent. Avec un fort accent sur la s\u00e9curit\u00e9 de l&rsquo;information, nous nous assurons que nos connaissances ajoutent une valeur directe \u00e0 votre projet. Mais le plus important que nous testons, c&rsquo;est si le produit fonctionne et fait ce qu&rsquo;il promet de faire. <\/p><h2> <\/h2><h2>Comment le laboratoire vous aide<\/h2><p>Notre laboratoire est plus qu&rsquo;un environnement de test ; c&rsquo;est une partie int\u00e9grante de nos services.<\/p><ul><li class=\"p1\">Des conseils fond\u00e9s : Chaque recommandation que nous faisons est \u00e9tay\u00e9e par des connaissances pratiques et une exp\u00e9rience pratique du laboratoire. C&rsquo;est ainsi que nous faisons vraiment la diff\u00e9rence. <\/li><li class=\"p1\">Des r\u00e9ponses \u00e0 des questions complexes : Un d\u00e9fi sp\u00e9cifique auquel personne n&rsquo;a de r\u00e9ponse imm\u00e9diate ? Nous recr\u00e9ons la situation dans notre laboratoire, \u00e9ventuellement avec un jumeau num\u00e9rique, et testons jusqu&rsquo;\u00e0 ce que nous ayons la solution parfaite. <\/li><li class=\"p1\">Des solutions pr\u00eates \u00e0 l&#8217;emploi : Nous regroupons nos connaissances dans des solutions open source concr\u00e8tes et innovantes. Pensez \u00e0 un environnement SD-WAN zero trust s\u00e9curis\u00e9 ou \u00e0 une configuration DNS standardis\u00e9e que vous pouvez impl\u00e9menter directement. <\/li><\/ul><h2> <\/h2><h2 class=\"p1\">Le partage des connaissances comme mission<\/h2><p class=\"p1\">Nous ne gardons pas pour nous les connaissances acquises dans notre laboratoire. Nous les partageons activement via: <\/p><ul><li class=\"p1\">Des formations : Nous donnons des formations pratiques pour les professionnels chez Syntra West, SAI et Cyssme, entre autres.<\/li><li class=\"p1\">Des publications : Suivez nos analyses et d\u00e9couvertes via des articles, des podcasts et nos publications sur X et LinkedIn.<\/li><\/ul>\t\t\t\t\t\t\t\t<\/div>\n\t\t\t\t<\/div>\n\t\t\t\t<div class=\"elementor-element elementor-element-3731774 elementor-widget-divider--view-line elementor-widget elementor-widget-divider\" data-id=\"3731774\" data-element_type=\"widget\" data-e-type=\"widget\" data-widget_type=\"divider.default\">\n\t\t\t\t<div class=\"elementor-widget-container\">\n\t\t\t\t\t\t\t<div class=\"elementor-divider\">\n\t\t\t<span class=\"elementor-divider-separator\">\n\t\t\t\t\t\t<\/span>\n\t\t<\/div>\n\t\t\t\t\t\t<\/div>\n\t\t\t\t<\/div>\n\t\t\t\t<div class=\"elementor-element elementor-element-7cbf71e elementor-widget elementor-widget-ucaddon_post_grid\" data-id=\"7cbf71e\" data-element_type=\"widget\" data-e-type=\"widget\" data-widget_type=\"ucaddon_post_grid.default\">\n\t\t\t\t<div class=\"elementor-widget-container\">\n\t\t\t\t\t\n<!-- start Post Grid -->\n\t\t<link id='font-awesome-css' href='https:\/\/ba.be\/wp-content\/plugins\/unlimited-elements-for-elementor-premium\/assets_libraries\/font-awesome6\/fontawesome-all.min.css' type='text\/css' rel='stylesheet' >\n\t\t<link id='font-awesome-4-shim-css' href='https:\/\/ba.be\/wp-content\/plugins\/unlimited-elements-for-elementor-premium\/assets_libraries\/font-awesome6\/fontawesome-v4-shims.min.css' type='text\/css' rel='stylesheet' >\n\n<style>\/* widget: Post Grid *\/\n\n\n\n#uc_post_grid_elementor_7cbf71e{\n  min-height: 1px;\n}\n\n#uc_post_grid_elementor_7cbf71e.uc_post_grid_style_one .uc_post_grid_style_one_wrap {\n   display:grid;\n}\n\n\n#uc_post_grid_elementor_7cbf71e .uc_post_grid_style_one_item{\n  position:relative;\n}\n\n#uc_post_grid_elementor_7cbf71e .uc_post_image{\n  transition:0.3s;\n  position:relative;\n  overflow:hidden;\n}\n\n#uc_post_grid_elementor_7cbf71e .uc_post_image img{\n  width:100%;\n  display:block;\n  transition:0.3s;\n}\n\n\t#uc_post_grid_elementor_7cbf71e .ue-item:hover .uc_post_image img    {\n      transform:scale(1.1,1.1);\n    }\n\t\n\n#uc_post_grid_elementor_7cbf71e .uc_post_image_overlay{\n  position:absolute;\n  top:0px;\n  left:0px;\n  height:100%;\n  width:100%;\n  transition:0.3s;\n}\n\n#uc_post_grid_elementor_7cbf71e .uc_more_btn-custom-field{\n  display:inline-block;\n  text-align:center;\n  text-decoration:none;\n  transition:0.3s;\n}\n\n#uc_post_grid_elementor_7cbf71e .uc_more_btn{\n  display:inline-block;\n  text-align:center;\n  text-decoration:none;\n  transition:0.3s;\n}\n\n.ue-grid-item-category a{\n  display:inline-block;\n  font-size:10px;\n  position: relative;\n  z-index: 1;\n}\n\n#uc_post_grid_elementor_7cbf71e .ue-grid-item-posttype{\n  display:inline-block;\n  position: relative;\n  z-index: 1;\n}\n\n\n.uc_post_title{\n  font-size:21px;\n}\n\n\n\n  #uc_post_grid_elementor_7cbf71e:not(.ue-list-view) .ue_post_grid_item{\n    display:flex;\n    flex-direction:column;\n  }\n\n  #uc_post_grid_elementor_7cbf71e.uc_post_grid_style_one:not(.ue-list-view) .uc_content{\n   flex-grow:1;\n  }\n\n  #uc_post_grid_elementor_7cbf71e.uc_post_grid_style_one .uc_content > div{\n    height:100%;\n    display:flex;\n    flex-direction:column;\n      }\n\n  \n\n\n\n\n\n\n\n\n\n\n\n\n\/*  for grid\/list layout switcher*\/\n\t#uc_post_grid_elementor_7cbf71e.ue-list-view .uc_post_grid_style_one_item {\n     display:flex;  \n     flex-direction:row;\n    }\n    #uc_post_grid_elementor_7cbf71e.ue-list-view .uc_post_grid_style_one_item > div{\n     width:50%;\n    }\n   \n    #uc_post_grid_elementor_7cbf71e.ue-list-view .uc_content    {\n      display:flex;\n      flex-direction:column;\n      justify-content:center;\n    }\n \n\/*  for grid\/list layout switcher*\/\n\n#uc_post_grid_elementor_7cbf71e .ue-meta-data{  \n  display:flex !important;\n  flex-wrap: wrap;\n  line-height:1em;\n}\n\n#uc_post_grid_elementor_7cbf71e .ue-grid-item-meta-data{\n  display:inline-flex;\n  align-items:center;\n}\n\n#uc_post_grid_elementor_7cbf71e .ue-grid-item-meta-data a{\n  color:inherit;\n}\n\n.ue-grid-item-meta-data{\n  font-size:12px;\n}\n\n#uc_post_grid_elementor_7cbf71e .ue-grid-item-meta-data-icon{\n  line-height:1em;\n}\n\n#uc_post_grid_elementor_7cbf71e .ue-grid-item-meta-data-icon svg{\n  width:1em;\n  height:1em;\n}\n\n#uc_post_grid_elementor_7cbf71e .ue-debug-meta{\n  padding:10px;\n  border:1px solid red;\n  position:relative;\n  line-height:1.5em;\n  font-size:11px;\n  width:100%;\n}\n\n#uc_post_grid_elementor_7cbf71e .uc_btn_inner{\n  display:inline-flex;\n  align-items:center;\n  pointer-events:none;\n}\n\n#uc_post_grid_elementor_7cbf71e .uc_btn_inner svg{\n  width:1em;\n  height:1em;\n}\n#uc_post_grid_elementor_7cbf71e .ue_p_title{\n  pointer-events:none;\n}\n  #uc_post_grid_elementor_7cbf71e .ue_post_full_link{\n    position:absolute;\n    width:100%;\n    height:100%;\n    top:0;\n    left:0;\n  }\n\n\n#uc_post_grid_elementor_7cbf71e .uc_content_inner{\n  width: 100%;\n}\n\n\n#uc_post_grid_elementor_7cbf71e .view-switcher-button{\n  display: flex;\n  align-items: center;\n}\n\n#uc_post_grid_elementor_7cbf71e .view-switcher-icon{\n  display: flex;\n  align-items: center;\n  line-height: 1;\n  cursor: pointer;\n  transition: all .3s ease;\n}\n\n#uc_post_grid_elementor_7cbf71e .view-switcher-icon svg{\n  height:1em;\n  width:1em;\n}\n\n#uc_post_grid_elementor_7cbf71e .view-switcher-icon.ue-hidden{\n  display: none;\n}\n\n\n#uc_post_grid_elementor_7cbf71e_item1 [href=\"javascript:void(0)\"]{\n  cursor: unset;\n}\n\n\n#uc_post_grid_elementor_7cbf71e_item2 [href=\"javascript:void(0)\"]{\n  cursor: unset;\n}\n\n\n#uc_post_grid_elementor_7cbf71e_item3 [href=\"javascript:void(0)\"]{\n  cursor: unset;\n}\n\n\n<\/style>\n\n<div class=\"uc_post_grid_style_one \" id=\"uc_post_grid_elementor_7cbf71e\"  >\n  \t\n  <div class=\"uc_post_grid_style_one_wrap ue_post_grid uc-items-wrapper ue-woo-grid\">\n\t\t\t\n\n\n\n<div id=\"uc_post_grid_elementor_7cbf71e_item1\" class=\"uc_post_grid_style_one_item ue_post_grid_item ue-item \">\n  \n      <a class=\"uc_post_grid_style_one_image \" href='javascript:void(0)' target=\"_self\">\n     <div class=\"uc_post_image\">\n       <img fetchpriority=\"high\" decoding=\"async\" src=\"https:\/\/ba.be\/wp-content\/uploads\/2026\/01\/BAbe-button-01-1920-768x432.webp\"  src=\"https:\/\/ba.be\/wp-content\/uploads\/2026\/01\/BAbe-button-01-1920-768x432.webp\" alt=\"BAbe-button-01-1920\" width=\"768\" height=\"432\">\n       <div class=\"uc_post_image_overlay\"><\/div>\n     <\/div>\n    <\/a>\n   \n  <div class=\"uc_content\">\n    <div class=\"uc_content_inner\">\n      <div class=\"uc_content-info-wrapper\" >\n        \n\n               \n       \n              \n\n            \t\t\t<div class=\"uc_post_title\"><a class=\"\" href='https:\/\/ba.be\/fr\/lab-fr\/openziti\/' target=\"_self\"><h3 class=\"ue_p_title\">OpenZiti : Le Zero Trust en mode Open Source<\/h3><\/a><\/div>\n      \t\n                      \n       \n        <div class=\"ue-meta-data\">\n            \n    <div class=\"ue-grid-item-meta-data\"><span class=\"ue-grid-item-meta-data-icon\"><i class=''><\/i><\/span>  06\/02\/2026<\/div>            \t    \n                \n        \n\t\n                \n                \n                \n                \n    \t\t\t\n      \n            \n  <\/div>\t\n           \n                 \n                            \n                                  \n     <\/div>                      \n                           \n \t<\/div>  <\/div>      \n  <a class=\"ue_post_full_link \" href='https:\/\/ba.be\/fr\/lab-fr\/openziti\/' target=\"_self\"><\/a>      \n<\/div>\n\n\n\n\n<div id=\"uc_post_grid_elementor_7cbf71e_item2\" class=\"uc_post_grid_style_one_item ue_post_grid_item ue-item \">\n  \n      <a class=\"uc_post_grid_style_one_image \" href='javascript:void(0)' target=\"_self\">\n     <div class=\"uc_post_image\">\n       <img fetchpriority=\"high\" decoding=\"async\" src=\"https:\/\/ba.be\/wp-content\/uploads\/2026\/01\/BAbe-button-01-1920-768x432.webp\"  src=\"https:\/\/ba.be\/wp-content\/uploads\/2026\/01\/BAbe-button-01-1920-768x432.webp\" alt=\"BAbe-button-01-1920\" width=\"768\" height=\"432\">\n       <div class=\"uc_post_image_overlay\"><\/div>\n     <\/div>\n    <\/a>\n   \n  <div class=\"uc_content\">\n    <div class=\"uc_content_inner\">\n      <div class=\"uc_content-info-wrapper\" >\n        \n\n               \n       \n              \n\n            \t\t\t<div class=\"uc_post_title\"><a class=\"\" href='https:\/\/ba.be\/fr\/lab-fr\/le-vrai-danger-de-lia-notre-propre-paresse-intellectuelle\/' target=\"_self\"><h3 class=\"ue_p_title\">Le vrai danger de l'IA : notre propre paresse intellectuelle<br><\/h3><\/a><\/div>\n      \t\n                      \n       \n        <div class=\"ue-meta-data\">\n            \n    <div class=\"ue-grid-item-meta-data\"><span class=\"ue-grid-item-meta-data-icon\"><i class=''><\/i><\/span>  20\/01\/2026<\/div>            \t    \n                \n        \n\t\n                \n                \n                \n                \n    \t\t\t\n      \n            \n  <\/div>\t\n           \n                 \n                            \n                                  \n     <\/div>                      \n                           \n \t<\/div>  <\/div>      \n  <a class=\"ue_post_full_link \" href='https:\/\/ba.be\/fr\/lab-fr\/le-vrai-danger-de-lia-notre-propre-paresse-intellectuelle\/' target=\"_self\"><\/a>      \n<\/div>\n\n\n\n\n<div id=\"uc_post_grid_elementor_7cbf71e_item3\" class=\"uc_post_grid_style_one_item ue_post_grid_item ue-item \">\n  \n      <a class=\"uc_post_grid_style_one_image \" href='javascript:void(0)' target=\"_self\">\n     <div class=\"uc_post_image\">\n       <img decoding=\"async\" src=\"https:\/\/ba.be\/wp-content\/uploads\/2025\/03\/BAbe-intro-zwart-1920.webp\" >\n       <div class=\"uc_post_image_overlay\"><\/div>\n     <\/div>\n    <\/a>\n   \n  <div class=\"uc_content\">\n    <div class=\"uc_content_inner\">\n      <div class=\"uc_content-info-wrapper\" >\n        \n\n               \n       \n              \n\n            \t\t\t<div class=\"uc_post_title\"><a class=\"\" href='https:\/\/ba.be\/fr\/lab-fr\/dnspector\/' target=\"_self\"><h3 class=\"ue_p_title\">DNSpector<\/h3><\/a><\/div>\n      \t\n                      \n       \n        <div class=\"ue-meta-data\">\n            \n    <div class=\"ue-grid-item-meta-data\"><span class=\"ue-grid-item-meta-data-icon\"><i class=''><\/i><\/span>  12\/08\/2025<\/div>            \t    \n                \n        \n\t\n                \n                \n                \n                \n    \t\t\t\n      \n            \n  <\/div>\t\n           \n                 \n                            \n                                  \n     <\/div>                      \n                           \n \t<\/div>  <\/div>      \n  <a class=\"ue_post_full_link \" href='https:\/\/ba.be\/fr\/lab-fr\/dnspector\/' target=\"_self\"><\/a>      \n<\/div>\n\n\t\t<\/div>\n\t<\/div>\n\n\n\n<!-- end Post Grid -->\t\t\t\t<\/div>\n\t\t\t\t<\/div>\n\t\t\t\t<div class=\"elementor-element elementor-element-8ff4e86 elementor-widget elementor-widget-ucaddon_archive_pagination\" data-id=\"8ff4e86\" data-element_type=\"widget\" data-e-type=\"widget\" data-widget_type=\"ucaddon_archive_pagination.default\">\n\t\t\t\t<div class=\"elementor-widget-container\">\n\t\t\t\t\t\n<!-- start Post Pagination -->\n\n<style>\/* widget: Post Pagination *\/\n\n#uc_archive_pagination_elementor_8ff4e86 nav\n{\n  padding:0px;\n  margin:0px;\n}\n\n#uc_archive_pagination_elementor_8ff4e86 \n{\n  display:flex;\n  flex-wrap: wrap;\n  justify-content:center;\n}\n\n#uc_archive_pagination_elementor_8ff4e86 .nav-links\n{\n  display:flex;\n  justify-content:center;\n}\n\n#uc_archive_pagination_elementor_8ff4e86 .nav-links > *\n{\n}\n\n#uc_archive_pagination_elementor_8ff4e86 .page-numbers\n{\n  display:flex;\n  \n  align-items:center;\n  justify-content:center;\n  transition:0.3s;\n  line-height:1em;\n}\n\n\n#uc_archive_pagination_elementor_8ff4e86 a.page-numbers, #uc_archive_pagination_elementor_8ff4e86 .dots\n{\n  color:#204359;\n  background-color:;\n}\n\n#uc_archive_pagination_elementor_8ff4e86 a.page-numbers:hover\n{\n  color:#2E82B5;\n  background-color:#FFFFFF;\n}\n\n#uc_archive_pagination_elementor_8ff4e86 .page-numbers.current,\n#uc_archive_pagination_elementor_8ff4e86 .page-numbers.current:hover\n{\n  background-color:#204359;\n  color:#FFFFFF;\n}\n\n\n#uc_archive_pagination_elementor_8ff4e86 .page-numbers.prev, #uc_archive_pagination_elementor_8ff4e86 .page-numbers.next\n{\n  padding-left:15px;\n  padding-right:15px;\n}\n\n\n\n#uc_archive_pagination_elementor_8ff4e86 .prev:before {\n   font-family: \"Font Awesome 5 Free\";\n   content: \"\\f053\";\n   display: inline-block;\n   vertical-align: middle;\n   font-weight: 900;\n   padding-right:10px;}\n\n#uc_archive_pagination_elementor_8ff4e86 .next:after {\n   font-family: \"Font Awesome 5 Free\";\n   content: \"\\f054\";\n   display: inline-block;\n   vertical-align: middle;\n   font-weight: 900;\n   padding-left:10px;}\n\n#uc_archive_pagination_elementor_8ff4e86.uc-ajax-loading{\n\topacity:1 !important;\n}\n\n#uc_archive_pagination_elementor_8ff4e86.uc-ajax-loading .current{\n\tposition:relative;\n    overflow:hidden;\n}\n\n\n#uc_archive_pagination_elementor_8ff4e86.uc-ajax-loading .current:before{\n  content: \"\";\n  display:block;\n  width:100%;\n  height:100%;\n  box-sizing:border-box;\n  position:absolute;\n  top:0px;\n  left:0px;\n  background-color: #c2c2c2;\n  animation: uc-spinning-border 0.5s linear infinite;\n  opacity:50%;\n  border-radius:inherit;\n}\n\n@keyframes uc-spinning-border {\n\t0%{transform: scale(0);}\n\t100%{transform: scale(1); }\t\n}\n\n\n\n<\/style>\n\n<div id=\"uc_archive_pagination_elementor_8ff4e86\" class=\"archive_pagination uc-filter-pagination \">\n\n<\/div>\n<!-- end Post Pagination -->\t\t\t\t<\/div>\n\t\t\t\t<\/div>\n\t\t\t\t<\/div>\n\t\t<div class=\"elementor-element elementor-element-d630150 e-con-full e-flex e-con e-child\" data-id=\"d630150\" data-element_type=\"container\" data-e-type=\"container\">\n\t\t\t\t<div class=\"elementor-element elementor-element-488d4a6 elementor-widget elementor-widget-heading\" data-id=\"488d4a6\" data-element_type=\"widget\" data-e-type=\"widget\" data-widget_type=\"heading.default\">\n\t\t\t\t<div class=\"elementor-widget-container\">\n\t\t\t\t\t<h3 class=\"elementor-heading-title elementor-size-default\">besoin d'aide?<\/h3>\t\t\t\t<\/div>\n\t\t\t\t<\/div>\n\t\t\t\t<div class=\"elementor-element elementor-element-73e909a elementor-widget elementor-widget-text-editor\" data-id=\"73e909a\" data-element_type=\"widget\" data-e-type=\"widget\" data-widget_type=\"text-editor.default\">\n\t\t\t\t<div class=\"elementor-widget-container\">\n\t\t\t\t\t\t\t\t\t<p><a href=\"https:\/\/calendar.google.com\/calendar\/u\/0\/appointments\/schedules\/AcZssZ0YpQsLMHKNRNCg3y38aRuFyU-t9ofnNNxZp8dFvQ1rE-A5wXdgj-PgXzD9RdzUgfUSVPOX6wzu\" target=\"_blank\" rel=\"noopener\">prenez rendez-vous<\/a><br><a href=\"mailto:contact@ba.be?subject=website%20BA%20contact\" target=\"_top\">contact@ba.be<\/a><br><a href=\"tel:+3216298045\">+32 (0)16 29 80 45<\/a><\/p>\t\t\t\t\t\t\t\t<\/div>\n\t\t\t\t<\/div>\n\t\t\t\t<div class=\"elementor-element elementor-element-92257fd elementor-widget elementor-widget-heading\" data-id=\"92257fd\" data-element_type=\"widget\" data-e-type=\"widget\" data-widget_type=\"heading.default\">\n\t\t\t\t<div class=\"elementor-widget-container\">\n\t\t\t\t\t<h3 class=\"elementor-heading-title elementor-size-default\">services<\/h3>\t\t\t\t<\/div>\n\t\t\t\t<\/div>\n\t\t\t\t<div class=\"elementor-element elementor-element-8d5a345 elementor-widget elementor-widget-text-editor\" data-id=\"8d5a345\" data-element_type=\"widget\" data-e-type=\"widget\" data-widget_type=\"text-editor.default\">\n\t\t\t\t<div class=\"elementor-widget-container\">\n\t\t\t\t\t\t\t\t\t<p><a href=\"https:\/\/ba.be\/fr\/services\/conseil\/\">conseil<\/a><br><a href=\"https:\/\/ba.be\/fr\/services\/formation\/\">formation<\/a><br><a href=\"https:\/\/ba.be\/fr\/services\/produits\/\">produits<\/a><\/p>\t\t\t\t\t\t\t\t<\/div>\n\t\t\t\t<\/div>\n\t\t\t\t<div class=\"elementor-element elementor-element-a16152a elementor-widget elementor-widget-heading\" data-id=\"a16152a\" data-element_type=\"widget\" data-e-type=\"widget\" data-widget_type=\"heading.default\">\n\t\t\t\t<div class=\"elementor-widget-container\">\n\t\t\t\t\t<h3 class=\"elementor-heading-title elementor-size-default\">Suivez BA<\/h3>\t\t\t\t<\/div>\n\t\t\t\t<\/div>\n\t\t\t\t<div class=\"elementor-element elementor-element-66682ba elementor-shape-circle e-grid-align-left elementor-grid-0 elementor-widget elementor-widget-social-icons\" data-id=\"66682ba\" data-element_type=\"widget\" data-e-type=\"widget\" data-widget_type=\"social-icons.default\">\n\t\t\t\t<div class=\"elementor-widget-container\">\n\t\t\t\t\t\t\t<div class=\"elementor-social-icons-wrapper elementor-grid\" role=\"list\">\n\t\t\t\t\t\t\t<span class=\"elementor-grid-item\" role=\"listitem\">\n\t\t\t\t\t<a class=\"elementor-icon elementor-social-icon elementor-social-icon-linkedin elementor-repeater-item-b3ed7e5\" href=\"https:\/\/www.linkedin.com\/company\/5069320\/\" target=\"_blank\">\n\t\t\t\t\t\t<span class=\"elementor-screen-only\">Linkedin<\/span>\n\t\t\t\t\t\t<svg aria-hidden=\"true\" class=\"e-font-icon-svg e-fab-linkedin\" viewBox=\"0 0 448 512\" xmlns=\"http:\/\/www.w3.org\/2000\/svg\"><path d=\"M416 32H31.9C14.3 32 0 46.5 0 64.3v383.4C0 465.5 14.3 480 31.9 480H416c17.6 0 32-14.5 32-32.3V64.3c0-17.8-14.4-32.3-32-32.3zM135.4 416H69V202.2h66.5V416zm-33.2-243c-21.3 0-38.5-17.3-38.5-38.5S80.9 96 102.2 96c21.2 0 38.5 17.3 38.5 38.5 0 21.3-17.2 38.5-38.5 38.5zm282.1 243h-66.4V312c0-24.8-.5-56.7-34.5-56.7-34.6 0-39.9 27-39.9 54.9V416h-66.4V202.2h63.7v29.2h.9c8.9-16.8 30.6-34.5 62.9-34.5 67.2 0 79.7 44.3 79.7 101.9V416z\"><\/path><\/svg>\t\t\t\t\t<\/a>\n\t\t\t\t<\/span>\n\t\t\t\t\t\t\t<span class=\"elementor-grid-item\" role=\"listitem\">\n\t\t\t\t\t<a class=\"elementor-icon elementor-social-icon elementor-social-icon-x-twitter elementor-repeater-item-51f8910\" href=\"https:\/\/x.com\/batweets\" target=\"_blank\">\n\t\t\t\t\t\t<span class=\"elementor-screen-only\">X-twitter<\/span>\n\t\t\t\t\t\t<svg aria-hidden=\"true\" class=\"e-font-icon-svg e-fab-x-twitter\" viewBox=\"0 0 512 512\" xmlns=\"http:\/\/www.w3.org\/2000\/svg\"><path d=\"M389.2 48h70.6L305.6 224.2 487 464H345L233.7 318.6 106.5 464H35.8L200.7 275.5 26.8 48H172.4L272.9 180.9 389.2 48zM364.4 421.8h39.1L151.1 88h-42L364.4 421.8z\"><\/path><\/svg>\t\t\t\t\t<\/a>\n\t\t\t\t<\/span>\n\t\t\t\t\t<\/div>\n\t\t\t\t\t\t<\/div>\n\t\t\t\t<\/div>\n\t\t\t\t<\/div>\n\t\t\t\t\t<\/div>\n\t\t\t\t<\/div>\n\t\t\t\t<\/div>\n\t\t","protected":false},"excerpt":{"rendered":"<p>Le lab : o\u00f9 l&rsquo;innovation et la pratique se rencontrent \u00c0 la base de notre expertise se trouve une curiosit\u00e9 profonde. En nous appuyant sur notre exp\u00e9rience de journalistes techniques, [&hellip;]<\/p>\n","protected":false},"author":1,"featured_media":0,"parent":0,"menu_order":0,"comment_status":"closed","ping_status":"closed","template":"elementor_theme","meta":{"footnotes":""},"class_list":["post-4333","page","type-page","status-publish","hentry"],"_links":{"self":[{"href":"https:\/\/ba.be\/fr\/wp-json\/wp\/v2\/pages\/4333","targetHints":{"allow":["GET"]}}],"collection":[{"href":"https:\/\/ba.be\/fr\/wp-json\/wp\/v2\/pages"}],"about":[{"href":"https:\/\/ba.be\/fr\/wp-json\/wp\/v2\/types\/page"}],"author":[{"embeddable":true,"href":"https:\/\/ba.be\/fr\/wp-json\/wp\/v2\/users\/1"}],"replies":[{"embeddable":true,"href":"https:\/\/ba.be\/fr\/wp-json\/wp\/v2\/comments?post=4333"}],"version-history":[{"count":2,"href":"https:\/\/ba.be\/fr\/wp-json\/wp\/v2\/pages\/4333\/revisions"}],"predecessor-version":[{"id":4335,"href":"https:\/\/ba.be\/fr\/wp-json\/wp\/v2\/pages\/4333\/revisions\/4335"}],"wp:attachment":[{"href":"https:\/\/ba.be\/fr\/wp-json\/wp\/v2\/media?parent=4333"}],"curies":[{"name":"wp","href":"https:\/\/api.w.org\/{rel}","templated":true}]}}