{"id":4328,"date":"2025-04-24T18:32:07","date_gmt":"2025-04-24T16:32:07","guid":{"rendered":"https:\/\/ba.be\/services\/produits\/"},"modified":"2025-08-28T18:33:10","modified_gmt":"2025-08-28T16:33:10","slug":"produits","status":"publish","type":"page","link":"https:\/\/ba.be\/fr\/services\/produits\/","title":{"rendered":"produits"},"content":{"rendered":"\t\t<div data-elementor-type=\"wp-page\" data-elementor-id=\"4328\" class=\"elementor elementor-4328 elementor-1393\" data-elementor-post-type=\"page\">\n\t\t\t\t<div class=\"elementor-element elementor-element-89fafed e-flex e-con-boxed e-con e-parent\" data-id=\"89fafed\" data-element_type=\"container\" data-e-type=\"container\">\n\t\t\t\t\t<div class=\"e-con-inner\">\n\t\t<div class=\"elementor-element elementor-element-c8e2ba4 e-con-full e-flex e-con e-child\" data-id=\"c8e2ba4\" data-element_type=\"container\" data-e-type=\"container\">\n\t\t\t\t<div class=\"elementor-element elementor-element-0acc70c elementor-widget elementor-widget-text-editor\" data-id=\"0acc70c\" data-element_type=\"widget\" data-e-type=\"widget\" data-widget_type=\"text-editor.default\">\n\t\t\t\t<div class=\"elementor-widget-container\">\n\t\t\t\t\t\t\t\t\t<h2>Nous traduisons les d\u00e9fis informatiques complexes en solutions claires et fonctionnelles.<\/h2><p>Dans un monde qui exige de plus en plus d&rsquo;accessibilit\u00e9 et de connectivit\u00e9, nous ne croyons pas aux syst\u00e8mes ferm\u00e9s qui limitent votre libert\u00e9. Notre vision repose sur deux piliers : une r\u00e9volution open source et l&rsquo;\u00e9volution vers Linux. <\/p><ul><li>L&rsquo;open source comme base : Pour chaque projet, nous privil\u00e9gions les applications open source. Cela garantit la transparence, la flexibilit\u00e9 et \u00e9vite la d\u00e9pendance vis-\u00e0-vis d&rsquo;un fournisseur. Vous conservez le contr\u00f4le et la souverainet\u00e9 num\u00e9rique sur votre propre infrastructure.  <\/li><li>Linux comme moteur : Nous travaillons principalement avec Linux, la plateforme la plus fiable et la plus flexible qui connecte de mani\u00e8re transparente d&rsquo;innombrables applications open source. Il constitue le noyau stable de l&rsquo;entreprise moderne et collaborative. <\/li><\/ul><p>En tant que votre partenaire 100% ind\u00e9pendant, nous utilisons cette philosophie pour construire la meilleure solution pour votre situation unique. Il peut s&rsquo;agir de l&rsquo;un de nos propres d\u00e9veloppements ou d&rsquo;une int\u00e9gration intelligente des meilleurs composants du march\u00e9. <\/p><h2> <\/h2><h2>Nos propres solutions : L&rsquo;innovation sur mesure<\/h2><p>Parfois, la meilleure solution est celle que nous construisons nous-m\u00eames, parfaitement adapt\u00e9e aux besoins du march\u00e9. Ces syst\u00e8mes, bas\u00e9s sur notre philosophie ouverte, vous donnent un contr\u00f4le maximal. <\/p><ul><li>Surveillance BA : Et si vous pouviez surveiller en permanence tous les aspects de votre infrastructure informatique ? Notre syst\u00e8me de surveillance vous donne un aper\u00e7u complet en un clic de souris sur PC, tablette ou smartphone et vous alerte de mani\u00e8re proactive en cas de risque de probl\u00e8me. Nous l&rsquo;appliquons non seulement \u00e0 l&rsquo;informatique, mais aussi \u00e0 des syst\u00e8mes pour des march\u00e9s verticaux tels que les municipalit\u00e9s, la vid\u00e9osurveillance et la gestion de b\u00e2timents.  <\/li><li>Un r\u00e9seau superpos\u00e9 s\u00e9curis\u00e9 et \u00ab\u00a0zero trust\u00a0\u00bb : Avec notre propre concentrateur VPN open source ou notre r\u00e9seau superpos\u00e9 SD-WAN, nous construisons un r\u00e9seau priv\u00e9 s\u00e9curis\u00e9 sur Internet pour vos applications et vos donn\u00e9es. Dans l&rsquo;actuel \u00ab\u00a0Internet des objets\u00a0\u00bb, tout est interconnect\u00e9. Notre solution garantit que vous pouvez communiquer de mani\u00e8re s\u00e9curis\u00e9e, simple et transparente avec tous vos appareils, employ\u00e9s et clients, o\u00f9 qu&rsquo;ils se trouvent.  <\/li><li>Facilitateur de cloud : Que vous soyez dans le cloud, que vous souhaitiez migrer vers le cloud ou que vous souhaitiez revenir du cloud dans la tendance la plus r\u00e9cente : nous veillons \u00e0 ce que vos applications et donn\u00e9es existantes et futures puissent fonctionner de mani\u00e8re totalement ind\u00e9pendante en les rendant agnostiques au cloud. En travaillant intelligemment, vous n&rsquo;\u00eates en aucun cas bloqu\u00e9 tout en continuant \u00e0 travailler de mani\u00e8re \u00e9volutive, rentable et p\u00e9renne. <\/li><li>Helpdesk infrastructure, confidentialit\u00e9 et s\u00e9curit\u00e9 : Un point de contact direct pour toutes vos questions et probl\u00e8mes concernant la s\u00e9curit\u00e9 de l&rsquo;information, la confidentialit\u00e9 et le RGPD. Pas de syst\u00e8me de tickets, mais un engagement de r\u00e9sultat : nous offrons une r\u00e9ponse claire et une solution concr\u00e8te. <\/li><\/ul><h2> <\/h2><h2>Int\u00e9gration &amp; gestion : Les briques d&rsquo;une infrastructure solide comme le roc<\/h2><p>Avec notre approche \u00ab\u00a0Common Sense as a Service\u00a0\u00bb, nous s\u00e9lectionnons et int\u00e9grons les meilleures technologies pour former un ensemble transparent et rentable.<\/p><ul><li>R\u00e9seaux : Nous concevons et g\u00e9rons des r\u00e9seaux locaux, \u00e9tendus, sans fil et mobiles qui soutiennent votre entreprise sans que vous ne remarquiez leur pr\u00e9sence. Invisibles, mais essentiels et au c\u0153ur de notre monde num\u00e9rique. Des \u00e9l\u00e9ments essentiels tels que la redondance, la qualit\u00e9 de service, la segmentation et d&rsquo;autres aspects (de s\u00e9curit\u00e9) sont donc importants.  <\/li><li>Stockage de donn\u00e9es (storage) : Le bon stockage pour les bonnes donn\u00e9es : des SAN de nouvelle g\u00e9n\u00e9ration pour votre infrastructure de serveurs et un stockage flexible pour la num\u00e9risation, aux solutions pour la pr\u00e9servation \u00e0 long terme des donn\u00e9es.<\/li><li>Infrastructure cloud : Nous construisons et g\u00e9rons l&rsquo;infrastructure IaaS, PaaS et SaaS qui sert de base \u00e0 votre transformation num\u00e9rique.<\/li><li>Continuit\u00e9 des activit\u00e9s et plan de reprise apr\u00e8s sinistre (DRP) : Nous \u00e9laborons des solutions qui garantissent la continuit\u00e9 de votre entreprise, adapt\u00e9es \u00e0 chaque budget et \u00e0 chaque exigence de disponibilit\u00e9 (RTO\/RPO). Vous \u00eates ainsi pr\u00e9par\u00e9 \u00e0 l&rsquo;impr\u00e9vu. <\/li><li>Travailler (\u00e0 distance) en toute s\u00e9curit\u00e9, o\u00f9 que vous soyez : Nous aidons vos employ\u00e9s \u00e0 travailler dans un environnement \u00ab\u00a0zero trust\u00a0\u00bb o\u00f9 qu&rsquo;ils se trouvent, dans un environnement s\u00e9curis\u00e9, performant, simple et uniforme, avec n&rsquo;importe quel appareil.<\/li><\/ul><h2> <\/h2><h2>La cybers\u00e9curit\u00e9 avec bon sens<\/h2><p>Pour nous, la s\u00e9curit\u00e9 est une approche globale. Nous combinons les meilleures solutions du march\u00e9 (pare-feu, SIEM, IPS\/IDS, authentification, etc.) avec une strat\u00e9gie pragmatique bas\u00e9e sur les risques. Pas de luxe superflu, mais une s\u00e9curit\u00e9 robuste.  <\/p><h2> <\/h2><h2>Plus qu&rsquo;un fournisseur, votre partenaire de connaissance ind\u00e9pendant<\/h2><p>Que nous construisions ou int\u00e9grions nous-m\u00eames, notre objectif reste le m\u00eame : votre succ\u00e8s. En tant que votre partenaire 100% ind\u00e9pendant, nos conseils sont toujours honn\u00eates, rentables et parfaitement adapt\u00e9s \u00e0 votre situation. <br><br>Vous avez un d\u00e9fi informatique complexe ou vous souhaitez p\u00e9renniser votre infrastructure actuelle ? R\u00e9servez sans engagement un premier entretien en ligne gratuit <a href=\"https:\/\/calendar.google.com\/calendar\/u\/0\/appointments\/schedules\/AcZssZ0YpQsLMHKNRNCg3y38aRuFyU-t9ofnNNxZp8dFvQ1rE-A5wXdgj-PgXzD9RdzUgfUSVPOX6wzu\">via notre application d&rsquo;agenda.<\/a> <\/p>\t\t\t\t\t\t\t\t<\/div>\n\t\t\t\t<\/div>\n\t\t\t\t<div class=\"elementor-element elementor-element-1dc2291 elementor-widget-divider--view-line elementor-widget elementor-widget-divider\" data-id=\"1dc2291\" data-element_type=\"widget\" data-e-type=\"widget\" data-widget_type=\"divider.default\">\n\t\t\t\t<div class=\"elementor-widget-container\">\n\t\t\t\t\t\t\t<div class=\"elementor-divider\">\n\t\t\t<span class=\"elementor-divider-separator\">\n\t\t\t\t\t\t<\/span>\n\t\t<\/div>\n\t\t\t\t\t\t<\/div>\n\t\t\t\t<\/div>\n\t\t\t\t<div class=\"elementor-element elementor-element-fe577b3 elementor-widget elementor-widget-ucaddon_post_grid\" data-id=\"fe577b3\" data-element_type=\"widget\" data-e-type=\"widget\" data-widget_type=\"ucaddon_post_grid.default\">\n\t\t\t\t<div class=\"elementor-widget-container\">\n\t\t\t\t\t\n<!-- start Post Grid -->\n\t\t<link id='font-awesome-css' href='https:\/\/ba.be\/wp-content\/plugins\/unlimited-elements-for-elementor-premium\/assets_libraries\/font-awesome6\/fontawesome-all.min.css' type='text\/css' rel='stylesheet' >\n\t\t<link id='font-awesome-4-shim-css' href='https:\/\/ba.be\/wp-content\/plugins\/unlimited-elements-for-elementor-premium\/assets_libraries\/font-awesome6\/fontawesome-v4-shims.min.css' type='text\/css' rel='stylesheet' >\n\n<style>\/* widget: Post Grid *\/\n\n\n\n#uc_post_grid_elementor_fe577b3{\n  min-height: 1px;\n}\n\n#uc_post_grid_elementor_fe577b3.uc_post_grid_style_one .uc_post_grid_style_one_wrap {\n   display:grid;\n}\n\n\n#uc_post_grid_elementor_fe577b3 .uc_post_grid_style_one_item{\n  position:relative;\n}\n\n#uc_post_grid_elementor_fe577b3 .uc_post_image{\n  transition:0.3s;\n  position:relative;\n  overflow:hidden;\n}\n\n#uc_post_grid_elementor_fe577b3 .uc_post_image img{\n  width:100%;\n  display:block;\n  transition:0.3s;\n}\n\n\t#uc_post_grid_elementor_fe577b3 .ue-item:hover .uc_post_image img    {\n      transform:scale(1.1,1.1);\n    }\n\t\n\n#uc_post_grid_elementor_fe577b3 .uc_post_image_overlay{\n  position:absolute;\n  top:0px;\n  left:0px;\n  height:100%;\n  width:100%;\n  transition:0.3s;\n}\n\n#uc_post_grid_elementor_fe577b3 .uc_more_btn-custom-field{\n  display:inline-block;\n  text-align:center;\n  text-decoration:none;\n  transition:0.3s;\n}\n\n#uc_post_grid_elementor_fe577b3 .uc_more_btn{\n  display:inline-block;\n  text-align:center;\n  text-decoration:none;\n  transition:0.3s;\n}\n\n.ue-grid-item-category a{\n  display:inline-block;\n  font-size:10px;\n  position: relative;\n  z-index: 1;\n}\n\n#uc_post_grid_elementor_fe577b3 .ue-grid-item-posttype{\n  display:inline-block;\n  position: relative;\n  z-index: 1;\n}\n\n\n.uc_post_title{\n  font-size:21px;\n}\n\n\n\n  #uc_post_grid_elementor_fe577b3:not(.ue-list-view) .ue_post_grid_item{\n    display:flex;\n    flex-direction:column;\n  }\n\n  #uc_post_grid_elementor_fe577b3.uc_post_grid_style_one:not(.ue-list-view) .uc_content{\n   flex-grow:1;\n  }\n\n  #uc_post_grid_elementor_fe577b3.uc_post_grid_style_one .uc_content > div{\n    height:100%;\n    display:flex;\n    flex-direction:column;\n      }\n\n  \n\n\n\n\n\n\n\n\n\n\n\n\n\/*  for grid\/list layout switcher*\/\n\t#uc_post_grid_elementor_fe577b3.ue-list-view .uc_post_grid_style_one_item {\n     display:flex;  \n     flex-direction:row;\n    }\n    #uc_post_grid_elementor_fe577b3.ue-list-view .uc_post_grid_style_one_item > div{\n     width:50%;\n    }\n   \n    #uc_post_grid_elementor_fe577b3.ue-list-view .uc_content    {\n      display:flex;\n      flex-direction:column;\n      justify-content:center;\n    }\n \n\/*  for grid\/list layout switcher*\/\n\n#uc_post_grid_elementor_fe577b3 .ue-meta-data{  \n  display:flex !important;\n  flex-wrap: wrap;\n  line-height:1em;\n}\n\n#uc_post_grid_elementor_fe577b3 .ue-grid-item-meta-data{\n  display:inline-flex;\n  align-items:center;\n}\n\n#uc_post_grid_elementor_fe577b3 .ue-grid-item-meta-data a{\n  color:inherit;\n}\n\n.ue-grid-item-meta-data{\n  font-size:12px;\n}\n\n#uc_post_grid_elementor_fe577b3 .ue-grid-item-meta-data-icon{\n  line-height:1em;\n}\n\n#uc_post_grid_elementor_fe577b3 .ue-grid-item-meta-data-icon svg{\n  width:1em;\n  height:1em;\n}\n\n#uc_post_grid_elementor_fe577b3 .ue-debug-meta{\n  padding:10px;\n  border:1px solid red;\n  position:relative;\n  line-height:1.5em;\n  font-size:11px;\n  width:100%;\n}\n\n#uc_post_grid_elementor_fe577b3 .uc_btn_inner{\n  display:inline-flex;\n  align-items:center;\n  pointer-events:none;\n}\n\n#uc_post_grid_elementor_fe577b3 .uc_btn_inner svg{\n  width:1em;\n  height:1em;\n}\n#uc_post_grid_elementor_fe577b3 .ue_p_title{\n  pointer-events:none;\n}\n  #uc_post_grid_elementor_fe577b3 .ue_post_full_link{\n    position:absolute;\n    width:100%;\n    height:100%;\n    top:0;\n    left:0;\n  }\n\n\n#uc_post_grid_elementor_fe577b3 .uc_content_inner{\n  width: 100%;\n}\n\n\n#uc_post_grid_elementor_fe577b3 .view-switcher-button{\n  display: flex;\n  align-items: center;\n}\n\n#uc_post_grid_elementor_fe577b3 .view-switcher-icon{\n  display: flex;\n  align-items: center;\n  line-height: 1;\n  cursor: pointer;\n  transition: all .3s ease;\n}\n\n#uc_post_grid_elementor_fe577b3 .view-switcher-icon svg{\n  height:1em;\n  width:1em;\n}\n\n#uc_post_grid_elementor_fe577b3 .view-switcher-icon.ue-hidden{\n  display: none;\n}\n\n\n#uc_post_grid_elementor_fe577b3_item1 [href=\"javascript:void(0)\"]{\n  cursor: unset;\n}\n\n\n#uc_post_grid_elementor_fe577b3_item2 [href=\"javascript:void(0)\"]{\n  cursor: unset;\n}\n\n\n<\/style>\n\n<div class=\"uc_post_grid_style_one \" id=\"uc_post_grid_elementor_fe577b3\"  >\n  \t\n  <div class=\"uc_post_grid_style_one_wrap ue_post_grid uc-items-wrapper ue-woo-grid\">\n\t\t\t\n\n\n\n<div id=\"uc_post_grid_elementor_fe577b3_item1\" class=\"uc_post_grid_style_one_item ue_post_grid_item ue-item \">\n  \n      <a class=\"uc_post_grid_style_one_image \" href='javascript:void(0)' target=\"_self\">\n     <div class=\"uc_post_image\">\n       <img fetchpriority=\"high\" decoding=\"async\" src=\"https:\/\/ba.be\/wp-content\/uploads\/2026\/01\/BAbe-button-01-1920-768x432.webp\"  src=\"https:\/\/ba.be\/wp-content\/uploads\/2026\/01\/BAbe-button-01-1920-768x432.webp\" alt=\"BAbe-button-01-1920\" width=\"768\" height=\"432\">\n       <div class=\"uc_post_image_overlay\"><\/div>\n     <\/div>\n    <\/a>\n   \n  <div class=\"uc_content\">\n    <div class=\"uc_content_inner\">\n      <div class=\"uc_content-info-wrapper\" >\n        \n\n               \n       \n              \n\n            \t\t\t<div class=\"uc_post_title\"><a class=\"\" href='https:\/\/ba.be\/fr\/lab-fr\/openziti\/' target=\"_self\"><h3 class=\"ue_p_title\">OpenZiti : Le Zero Trust en mode Open Source<\/h3><\/a><\/div>\n      \t\n                      \n       \n        <div class=\"ue-meta-data\">\n            \n    <div class=\"ue-grid-item-meta-data\"><span class=\"ue-grid-item-meta-data-icon\"><i class=''><\/i><\/span>  06\/02\/2026<\/div>            \t    \n                \n        \n\t\n                \n                \n                \n                \n    \t\t\t\n      \n            \n  <\/div>\t\n           \n                 \n                            \n                                  \n     <\/div>                      \n                           \n \t<\/div>  <\/div>      \n  <a class=\"ue_post_full_link \" href='https:\/\/ba.be\/fr\/lab-fr\/openziti\/' target=\"_self\"><\/a>      \n<\/div>\n\n\n\n\n<div id=\"uc_post_grid_elementor_fe577b3_item2\" class=\"uc_post_grid_style_one_item ue_post_grid_item ue-item \">\n  \n      <a class=\"uc_post_grid_style_one_image \" href='javascript:void(0)' target=\"_self\">\n     <div class=\"uc_post_image\">\n       <img decoding=\"async\" src=\"https:\/\/ba.be\/wp-content\/uploads\/2025\/03\/BAbe-intro-zwart-1920.webp\" >\n       <div class=\"uc_post_image_overlay\"><\/div>\n     <\/div>\n    <\/a>\n   \n  <div class=\"uc_content\">\n    <div class=\"uc_content_inner\">\n      <div class=\"uc_content-info-wrapper\" >\n        \n\n               \n       \n              \n\n            \t\t\t<div class=\"uc_post_title\"><a class=\"\" href='https:\/\/ba.be\/fr\/lab-fr\/dnspector\/' target=\"_self\"><h3 class=\"ue_p_title\">DNSpector<\/h3><\/a><\/div>\n      \t\n                      \n       \n        <div class=\"ue-meta-data\">\n            \n    <div class=\"ue-grid-item-meta-data\"><span class=\"ue-grid-item-meta-data-icon\"><i class=''><\/i><\/span>  12\/08\/2025<\/div>            \t    \n                \n        \n\t\n                \n                \n                \n                \n    \t\t\t\n      \n            \n  <\/div>\t\n           \n                 \n                            \n                                  \n     <\/div>                      \n                           \n \t<\/div>  <\/div>      \n  <a class=\"ue_post_full_link \" href='https:\/\/ba.be\/fr\/lab-fr\/dnspector\/' target=\"_self\"><\/a>      \n<\/div>\n\n\t\t<\/div>\n\t<\/div>\n\n\n\n<!-- end Post Grid -->\t\t\t\t<\/div>\n\t\t\t\t<\/div>\n\t\t\t\t<div class=\"elementor-element elementor-element-79dc8f7 elementor-widget elementor-widget-ucaddon_archive_pagination\" data-id=\"79dc8f7\" data-element_type=\"widget\" data-e-type=\"widget\" data-widget_type=\"ucaddon_archive_pagination.default\">\n\t\t\t\t<div class=\"elementor-widget-container\">\n\t\t\t\t\t\n<!-- start Post Pagination -->\n\n<style>\/* widget: Post Pagination *\/\n\n#uc_archive_pagination_elementor_79dc8f7 nav\n{\n  padding:0px;\n  margin:0px;\n}\n\n#uc_archive_pagination_elementor_79dc8f7 \n{\n  display:flex;\n  flex-wrap: wrap;\n  justify-content:center;\n}\n\n#uc_archive_pagination_elementor_79dc8f7 .nav-links\n{\n  display:flex;\n  justify-content:center;\n}\n\n#uc_archive_pagination_elementor_79dc8f7 .nav-links > *\n{\n}\n\n#uc_archive_pagination_elementor_79dc8f7 .page-numbers\n{\n  display:flex;\n  \n  align-items:center;\n  justify-content:center;\n  transition:0.3s;\n  line-height:1em;\n}\n\n\n#uc_archive_pagination_elementor_79dc8f7 a.page-numbers, #uc_archive_pagination_elementor_79dc8f7 .dots\n{\n  color:#204359;\n  background-color:;\n}\n\n#uc_archive_pagination_elementor_79dc8f7 a.page-numbers:hover\n{\n  color:#2E82B5;\n  background-color:#FFFFFF;\n}\n\n#uc_archive_pagination_elementor_79dc8f7 .page-numbers.current,\n#uc_archive_pagination_elementor_79dc8f7 .page-numbers.current:hover\n{\n  background-color:#204359;\n  color:#FFFFFF;\n}\n\n\n#uc_archive_pagination_elementor_79dc8f7 .page-numbers.prev, #uc_archive_pagination_elementor_79dc8f7 .page-numbers.next\n{\n  padding-left:15px;\n  padding-right:15px;\n}\n\n\n\n#uc_archive_pagination_elementor_79dc8f7 .prev:before {\n   font-family: \"Font Awesome 5 Free\";\n   content: \"\\f053\";\n   display: inline-block;\n   vertical-align: middle;\n   font-weight: 900;\n   padding-right:10px;}\n\n#uc_archive_pagination_elementor_79dc8f7 .next:after {\n   font-family: \"Font Awesome 5 Free\";\n   content: \"\\f054\";\n   display: inline-block;\n   vertical-align: middle;\n   font-weight: 900;\n   padding-left:10px;}\n\n#uc_archive_pagination_elementor_79dc8f7.uc-ajax-loading{\n\topacity:1 !important;\n}\n\n#uc_archive_pagination_elementor_79dc8f7.uc-ajax-loading .current{\n\tposition:relative;\n    overflow:hidden;\n}\n\n\n#uc_archive_pagination_elementor_79dc8f7.uc-ajax-loading .current:before{\n  content: \"\";\n  display:block;\n  width:100%;\n  height:100%;\n  box-sizing:border-box;\n  position:absolute;\n  top:0px;\n  left:0px;\n  background-color: #c2c2c2;\n  animation: uc-spinning-border 0.5s linear infinite;\n  opacity:50%;\n  border-radius:inherit;\n}\n\n@keyframes uc-spinning-border {\n\t0%{transform: scale(0);}\n\t100%{transform: scale(1); }\t\n}\n\n\n\n<\/style>\n\n<div id=\"uc_archive_pagination_elementor_79dc8f7\" class=\"archive_pagination uc-filter-pagination \">\n\n<\/div>\n<!-- end Post Pagination -->\t\t\t\t<\/div>\n\t\t\t\t<\/div>\n\t\t\t\t<\/div>\n\t\t<div class=\"elementor-element elementor-element-6c8f500 e-con-full e-flex e-con e-child\" data-id=\"6c8f500\" data-element_type=\"container\" data-e-type=\"container\">\n\t\t\t\t<div class=\"elementor-element elementor-element-20940e7 elementor-widget elementor-widget-heading\" data-id=\"20940e7\" data-element_type=\"widget\" data-e-type=\"widget\" data-widget_type=\"heading.default\">\n\t\t\t\t<div class=\"elementor-widget-container\">\n\t\t\t\t\t<h3 class=\"elementor-heading-title elementor-size-default\">besoin d'aide?<\/h3>\t\t\t\t<\/div>\n\t\t\t\t<\/div>\n\t\t\t\t<div class=\"elementor-element elementor-element-369d3c0 elementor-widget elementor-widget-text-editor\" data-id=\"369d3c0\" data-element_type=\"widget\" data-e-type=\"widget\" data-widget_type=\"text-editor.default\">\n\t\t\t\t<div class=\"elementor-widget-container\">\n\t\t\t\t\t\t\t\t\t<p><a href=\"https:\/\/calendar.google.com\/calendar\/u\/0\/appointments\/schedules\/AcZssZ0YpQsLMHKNRNCg3y38aRuFyU-t9ofnNNxZp8dFvQ1rE-A5wXdgj-PgXzD9RdzUgfUSVPOX6wzu\" target=\"_blank\" rel=\"noopener\">prenez rendez-vous<\/a><br><a href=\"mailto:contact@ba.be?subject=website%20BA%20contact\" target=\"_top\">contact@ba.be<\/a><br><a href=\"tel:+3216298045\">+32 (0)16 29 80 45<\/a><\/p>\t\t\t\t\t\t\t\t<\/div>\n\t\t\t\t<\/div>\n\t\t\t\t<div class=\"elementor-element elementor-element-6564e25 elementor-widget elementor-widget-heading\" data-id=\"6564e25\" data-element_type=\"widget\" data-e-type=\"widget\" data-widget_type=\"heading.default\">\n\t\t\t\t<div class=\"elementor-widget-container\">\n\t\t\t\t\t<h3 class=\"elementor-heading-title elementor-size-default\">services<\/h3>\t\t\t\t<\/div>\n\t\t\t\t<\/div>\n\t\t\t\t<div class=\"elementor-element elementor-element-868ff1c elementor-widget elementor-widget-text-editor\" data-id=\"868ff1c\" data-element_type=\"widget\" data-e-type=\"widget\" data-widget_type=\"text-editor.default\">\n\t\t\t\t<div class=\"elementor-widget-container\">\n\t\t\t\t\t\t\t\t\t<p><a href=\"https:\/\/ba.be\/fr\/services\/conseil\/\">conseil<\/a><br><a href=\"https:\/\/ba.be\/fr\/services\/formation\/\">formation<\/a><br><a href=\"https:\/\/ba.be\/fr\/services\/produits\/\">produits<\/a><\/p>\t\t\t\t\t\t\t\t<\/div>\n\t\t\t\t<\/div>\n\t\t\t\t<div class=\"elementor-element elementor-element-b385b2a elementor-widget elementor-widget-heading\" data-id=\"b385b2a\" data-element_type=\"widget\" data-e-type=\"widget\" data-widget_type=\"heading.default\">\n\t\t\t\t<div class=\"elementor-widget-container\">\n\t\t\t\t\t<h3 class=\"elementor-heading-title elementor-size-default\">Suivez BA<\/h3>\t\t\t\t<\/div>\n\t\t\t\t<\/div>\n\t\t\t\t<div class=\"elementor-element elementor-element-1af623f elementor-shape-circle e-grid-align-left elementor-grid-0 elementor-widget elementor-widget-social-icons\" data-id=\"1af623f\" data-element_type=\"widget\" data-e-type=\"widget\" data-widget_type=\"social-icons.default\">\n\t\t\t\t<div class=\"elementor-widget-container\">\n\t\t\t\t\t\t\t<div class=\"elementor-social-icons-wrapper elementor-grid\" role=\"list\">\n\t\t\t\t\t\t\t<span class=\"elementor-grid-item\" role=\"listitem\">\n\t\t\t\t\t<a class=\"elementor-icon elementor-social-icon elementor-social-icon-linkedin elementor-repeater-item-b3ed7e5\" href=\"https:\/\/www.linkedin.com\/company\/5069320\/\" target=\"_blank\">\n\t\t\t\t\t\t<span class=\"elementor-screen-only\">Linkedin<\/span>\n\t\t\t\t\t\t<svg aria-hidden=\"true\" class=\"e-font-icon-svg e-fab-linkedin\" viewBox=\"0 0 448 512\" xmlns=\"http:\/\/www.w3.org\/2000\/svg\"><path d=\"M416 32H31.9C14.3 32 0 46.5 0 64.3v383.4C0 465.5 14.3 480 31.9 480H416c17.6 0 32-14.5 32-32.3V64.3c0-17.8-14.4-32.3-32-32.3zM135.4 416H69V202.2h66.5V416zm-33.2-243c-21.3 0-38.5-17.3-38.5-38.5S80.9 96 102.2 96c21.2 0 38.5 17.3 38.5 38.5 0 21.3-17.2 38.5-38.5 38.5zm282.1 243h-66.4V312c0-24.8-.5-56.7-34.5-56.7-34.6 0-39.9 27-39.9 54.9V416h-66.4V202.2h63.7v29.2h.9c8.9-16.8 30.6-34.5 62.9-34.5 67.2 0 79.7 44.3 79.7 101.9V416z\"><\/path><\/svg>\t\t\t\t\t<\/a>\n\t\t\t\t<\/span>\n\t\t\t\t\t\t\t<span class=\"elementor-grid-item\" role=\"listitem\">\n\t\t\t\t\t<a class=\"elementor-icon elementor-social-icon elementor-social-icon-x-twitter elementor-repeater-item-51f8910\" href=\"https:\/\/x.com\/batweets\" target=\"_blank\">\n\t\t\t\t\t\t<span class=\"elementor-screen-only\">X-twitter<\/span>\n\t\t\t\t\t\t<svg aria-hidden=\"true\" class=\"e-font-icon-svg e-fab-x-twitter\" viewBox=\"0 0 512 512\" xmlns=\"http:\/\/www.w3.org\/2000\/svg\"><path d=\"M389.2 48h70.6L305.6 224.2 487 464H345L233.7 318.6 106.5 464H35.8L200.7 275.5 26.8 48H172.4L272.9 180.9 389.2 48zM364.4 421.8h39.1L151.1 88h-42L364.4 421.8z\"><\/path><\/svg>\t\t\t\t\t<\/a>\n\t\t\t\t<\/span>\n\t\t\t\t\t<\/div>\n\t\t\t\t\t\t<\/div>\n\t\t\t\t<\/div>\n\t\t\t\t<\/div>\n\t\t\t\t\t<\/div>\n\t\t\t\t<\/div>\n\t\t\t\t<\/div>\n\t\t","protected":false},"excerpt":{"rendered":"<p>Nous traduisons les d\u00e9fis informatiques complexes en solutions claires et fonctionnelles. Dans un monde qui exige de plus en plus d&rsquo;accessibilit\u00e9 et de connectivit\u00e9, nous ne croyons pas aux syst\u00e8mes [&hellip;]<\/p>\n","protected":false},"author":1,"featured_media":0,"parent":4309,"menu_order":0,"comment_status":"closed","ping_status":"closed","template":"","meta":{"footnotes":""},"class_list":["post-4328","page","type-page","status-publish","hentry"],"_links":{"self":[{"href":"https:\/\/ba.be\/fr\/wp-json\/wp\/v2\/pages\/4328","targetHints":{"allow":["GET"]}}],"collection":[{"href":"https:\/\/ba.be\/fr\/wp-json\/wp\/v2\/pages"}],"about":[{"href":"https:\/\/ba.be\/fr\/wp-json\/wp\/v2\/types\/page"}],"author":[{"embeddable":true,"href":"https:\/\/ba.be\/fr\/wp-json\/wp\/v2\/users\/1"}],"replies":[{"embeddable":true,"href":"https:\/\/ba.be\/fr\/wp-json\/wp\/v2\/comments?post=4328"}],"version-history":[{"count":2,"href":"https:\/\/ba.be\/fr\/wp-json\/wp\/v2\/pages\/4328\/revisions"}],"predecessor-version":[{"id":4330,"href":"https:\/\/ba.be\/fr\/wp-json\/wp\/v2\/pages\/4328\/revisions\/4330"}],"up":[{"embeddable":true,"href":"https:\/\/ba.be\/fr\/wp-json\/wp\/v2\/pages\/4309"}],"wp:attachment":[{"href":"https:\/\/ba.be\/fr\/wp-json\/wp\/v2\/media?parent=4328"}],"curies":[{"name":"wp","href":"https:\/\/api.w.org\/{rel}","templated":true}]}}