{"id":4316,"date":"2025-04-24T18:31:40","date_gmt":"2025-04-24T16:31:40","guid":{"rendered":"https:\/\/ba.be\/services\/conseil\/"},"modified":"2025-08-29T11:01:03","modified_gmt":"2025-08-29T09:01:03","slug":"conseil","status":"publish","type":"page","link":"https:\/\/ba.be\/fr\/services\/conseil\/","title":{"rendered":"conseil"},"content":{"rendered":"\t\t<div data-elementor-type=\"wp-page\" data-elementor-id=\"4316\" class=\"elementor elementor-4316 elementor-1391\" data-elementor-post-type=\"page\">\n\t\t\t\t<div class=\"elementor-element elementor-element-84b3d65 e-flex e-con-boxed e-con e-parent\" data-id=\"84b3d65\" data-element_type=\"container\" data-e-type=\"container\">\n\t\t\t\t\t<div class=\"e-con-inner\">\n\t\t<div class=\"elementor-element elementor-element-f130784 e-con-full e-flex e-con e-child\" data-id=\"f130784\" data-element_type=\"container\" data-e-type=\"container\">\n\t\t\t\t<div class=\"elementor-element elementor-element-a2c652c elementor-widget elementor-widget-text-editor\" data-id=\"a2c652c\" data-element_type=\"widget\" data-e-type=\"widget\" data-widget_type=\"text-editor.default\">\n\t\t\t\t<div class=\"elementor-widget-container\">\n\t\t\t\t\t\t\t\t\t<p>Nous ne croyons pas aux solutions standardis\u00e9es ni au jargon pour impressionner. Nos missions de conseil commencent toujours par une bonne conversation, une oreille attentive, une tasse de caf\u00e9 frais et un tableau blanc \u00e0 port\u00e9e de main. Nous voulons vraiment comprendre ce qui vous pr\u00e9occupe, les d\u00e9fis que vous rencontrez et les ambitions que vous avez pour votre organisation. Pas de questionnaires compliqu\u00e9s \u00e0 l&rsquo;avance, mais un dialogue ouvert o\u00f9 nous mettons \u00e0 nu ensemble le c\u0153ur de votre probl\u00e9matique informatique.   <\/p><p>Notre approche ? Nous aimons l&rsquo;appeler \u00ab\u00a0Le Bon Sens en tant que Service\u00a0\u00bb. Ce n&rsquo;est pas un mot \u00e0 la mode, mais l&rsquo;essence de notre fa\u00e7on de travailler. Chaque conseil que nous donnons est ancr\u00e9 dans des d\u00e9cennies d&rsquo;exp\u00e9rience pratique \u2013 et oui, cela inclut aussi la dose n\u00e9cessaire de \u00ab\u00a0mis\u00e8re\u00a0\u00bb qui nous a appris des le\u00e7ons inestimables au fil des ans. Nous avons vu ce qui fonctionne, ce qui ne fonctionne pas, et surtout : pourquoi. Cette connaissance v\u00e9cue nous permet de ramener les probl\u00e8mes complexes \u00e0 leur essence et de proposer des solutions pragmatiques et r\u00e9alisables qui ajoutent r\u00e9ellement de la valeur.     <\/p><p>Un aspect crucial de notre philosophie est notre conseil neutre vis-\u00e0-vis des fournisseurs. C&rsquo;est tr\u00e8s simple : nous n&rsquo;avons rien de sp\u00e9cifique \u00e0 vous vendre. Nous n&rsquo;avons pas de quotas pour certaines licences logicielles ou marques de mat\u00e9riel. Notre seule motivation est de trouver la solution la meilleure, la plus efficace et la plus rentable pour votre situation unique. Qu&rsquo;il s&rsquo;agisse d&rsquo;une technologie \u00e9tablie, d&rsquo;une solution open source innovante ou d&rsquo;une combinaison intelligente des deux, notre conseil est toujours ind\u00e9pendant et purement ax\u00e9 sur le succ\u00e8s de votre organisation.    <\/p><p>Cela peut aller d&rsquo;une mission pour r\u00e9soudre un ou plusieurs probl\u00e8mes sp\u00e9cifiques dans le cadre d&rsquo;un d\u00e9pannage, \u00e0 la conception et \u00e0 la mise en place d&rsquo;une architecture compl\u00e8te, jusqu&rsquo;\u00e0 la surveillance permanente de votre infrastructure, y compris un service d&rsquo;assistance permanent en cas de probl\u00e8me. Contractuellement, nous pouvons travailler dans le cadre d&rsquo;une mission de conseil (parfois appel\u00e9e irr\u00e9v\u00e9rencieusement \u00ab\u00a0heure-facture\u00a0\u00bb) ou dans le cadre d&rsquo;un projet bien d\u00e9fini avec une obligation de r\u00e9sultat \u00e0 un prix fixe.  <\/p><p>Vous avez une question ou un probl\u00e8me ? N&rsquo;h\u00e9sitez pas \u00e0 r\u00e9server un premier entretien en ligne gratuit <a href=\"https:\/\/calendar.google.com\/calendar\/u\/0\/appointments\/schedules\/AcZssZ0YpQsLMHKNRNCg3y38aRuFyU-t9ofnNNxZp8dFvQ1rE-A5wXdgj-PgXzD9RdzUgfUSVPOX6wzu\" target=\"_blank\" rel=\"noopener\">via notre application de calendrier<\/a>.  <\/p>\t\t\t\t\t\t\t\t<\/div>\n\t\t\t\t<\/div>\n\t\t\t\t<div class=\"elementor-element elementor-element-c5c7f68 elementor-widget-divider--view-line elementor-widget elementor-widget-divider\" data-id=\"c5c7f68\" data-element_type=\"widget\" data-e-type=\"widget\" data-widget_type=\"divider.default\">\n\t\t\t\t<div class=\"elementor-widget-container\">\n\t\t\t\t\t\t\t<div class=\"elementor-divider\">\n\t\t\t<span class=\"elementor-divider-separator\">\n\t\t\t\t\t\t<\/span>\n\t\t<\/div>\n\t\t\t\t\t\t<\/div>\n\t\t\t\t<\/div>\n\t\t\t\t<div class=\"elementor-element elementor-element-896ba8c elementor-widget elementor-widget-ucaddon_post_grid\" data-id=\"896ba8c\" data-element_type=\"widget\" data-e-type=\"widget\" data-widget_type=\"ucaddon_post_grid.default\">\n\t\t\t\t<div class=\"elementor-widget-container\">\n\t\t\t\t\t\n<!-- start Post Grid -->\n\t\t<link id='font-awesome-css' href='https:\/\/ba.be\/wp-content\/plugins\/unlimited-elements-for-elementor-premium\/assets_libraries\/font-awesome6\/fontawesome-all.min.css' type='text\/css' rel='stylesheet' >\n\t\t<link id='font-awesome-4-shim-css' href='https:\/\/ba.be\/wp-content\/plugins\/unlimited-elements-for-elementor-premium\/assets_libraries\/font-awesome6\/fontawesome-v4-shims.min.css' type='text\/css' rel='stylesheet' >\n\n<style>\/* widget: Post Grid *\/\n\n\n\n#uc_post_grid_elementor_896ba8c{\n  min-height: 1px;\n}\n\n#uc_post_grid_elementor_896ba8c.uc_post_grid_style_one .uc_post_grid_style_one_wrap {\n   display:grid;\n}\n\n\n#uc_post_grid_elementor_896ba8c .uc_post_grid_style_one_item{\n  position:relative;\n}\n\n#uc_post_grid_elementor_896ba8c .uc_post_image{\n  transition:0.3s;\n  position:relative;\n  overflow:hidden;\n}\n\n#uc_post_grid_elementor_896ba8c .uc_post_image img{\n  width:100%;\n  display:block;\n  transition:0.3s;\n}\n\n\t#uc_post_grid_elementor_896ba8c .ue-item:hover .uc_post_image img    {\n      transform:scale(1.1,1.1);\n    }\n\t\n\n#uc_post_grid_elementor_896ba8c .uc_post_image_overlay{\n  position:absolute;\n  top:0px;\n  left:0px;\n  height:100%;\n  width:100%;\n  transition:0.3s;\n}\n\n#uc_post_grid_elementor_896ba8c .uc_more_btn-custom-field{\n  display:inline-block;\n  text-align:center;\n  text-decoration:none;\n  transition:0.3s;\n}\n\n#uc_post_grid_elementor_896ba8c .uc_more_btn{\n  display:inline-block;\n  text-align:center;\n  text-decoration:none;\n  transition:0.3s;\n}\n\n.ue-grid-item-category a{\n  display:inline-block;\n  font-size:10px;\n  position: relative;\n  z-index: 1;\n}\n\n#uc_post_grid_elementor_896ba8c .ue-grid-item-posttype{\n  display:inline-block;\n  position: relative;\n  z-index: 1;\n}\n\n\n.uc_post_title{\n  font-size:21px;\n}\n\n\n\n  #uc_post_grid_elementor_896ba8c:not(.ue-list-view) .ue_post_grid_item{\n    display:flex;\n    flex-direction:column;\n  }\n\n  #uc_post_grid_elementor_896ba8c.uc_post_grid_style_one:not(.ue-list-view) .uc_content{\n   flex-grow:1;\n  }\n\n  #uc_post_grid_elementor_896ba8c.uc_post_grid_style_one .uc_content > div{\n    height:100%;\n    display:flex;\n    flex-direction:column;\n      }\n\n  \n\n\n\n\n\n\n\n\n\n\n\n\n\/*  for grid\/list layout switcher*\/\n\t#uc_post_grid_elementor_896ba8c.ue-list-view .uc_post_grid_style_one_item {\n     display:flex;  \n     flex-direction:row;\n    }\n    #uc_post_grid_elementor_896ba8c.ue-list-view .uc_post_grid_style_one_item > div{\n     width:50%;\n    }\n   \n    #uc_post_grid_elementor_896ba8c.ue-list-view .uc_content    {\n      display:flex;\n      flex-direction:column;\n      justify-content:center;\n    }\n \n\/*  for grid\/list layout switcher*\/\n\n#uc_post_grid_elementor_896ba8c .ue-meta-data{  \n  display:flex !important;\n  flex-wrap: wrap;\n  line-height:1em;\n}\n\n#uc_post_grid_elementor_896ba8c .ue-grid-item-meta-data{\n  display:inline-flex;\n  align-items:center;\n}\n\n#uc_post_grid_elementor_896ba8c .ue-grid-item-meta-data a{\n  color:inherit;\n}\n\n.ue-grid-item-meta-data{\n  font-size:12px;\n}\n\n#uc_post_grid_elementor_896ba8c .ue-grid-item-meta-data-icon{\n  line-height:1em;\n}\n\n#uc_post_grid_elementor_896ba8c .ue-grid-item-meta-data-icon svg{\n  width:1em;\n  height:1em;\n}\n\n#uc_post_grid_elementor_896ba8c .ue-debug-meta{\n  padding:10px;\n  border:1px solid red;\n  position:relative;\n  line-height:1.5em;\n  font-size:11px;\n  width:100%;\n}\n\n#uc_post_grid_elementor_896ba8c .uc_btn_inner{\n  display:inline-flex;\n  align-items:center;\n  pointer-events:none;\n}\n\n#uc_post_grid_elementor_896ba8c .uc_btn_inner svg{\n  width:1em;\n  height:1em;\n}\n#uc_post_grid_elementor_896ba8c .ue_p_title{\n  pointer-events:none;\n}\n  #uc_post_grid_elementor_896ba8c .ue_post_full_link{\n    position:absolute;\n    width:100%;\n    height:100%;\n    top:0;\n    left:0;\n  }\n\n\n#uc_post_grid_elementor_896ba8c .uc_content_inner{\n  width: 100%;\n}\n\n\n#uc_post_grid_elementor_896ba8c .view-switcher-button{\n  display: flex;\n  align-items: center;\n}\n\n#uc_post_grid_elementor_896ba8c .view-switcher-icon{\n  display: flex;\n  align-items: center;\n  line-height: 1;\n  cursor: pointer;\n  transition: all .3s ease;\n}\n\n#uc_post_grid_elementor_896ba8c .view-switcher-icon svg{\n  height:1em;\n  width:1em;\n}\n\n#uc_post_grid_elementor_896ba8c .view-switcher-icon.ue-hidden{\n  display: none;\n}\n\n\n<\/style>\n\n<div class=\"uc_post_grid_style_one \" id=\"uc_post_grid_elementor_896ba8c\"  >\n  \t\n  <div class=\"uc_post_grid_style_one_wrap ue_post_grid uc-items-wrapper ue-woo-grid\">\n\t\t\t\n\t\t<\/div>\n\t<\/div>\n\n\n\n<!-- end Post Grid -->\t\t\t\t<\/div>\n\t\t\t\t<\/div>\n\t\t\t\t<div class=\"elementor-element elementor-element-a8b7b6e elementor-widget elementor-widget-ucaddon_archive_pagination\" data-id=\"a8b7b6e\" data-element_type=\"widget\" data-e-type=\"widget\" data-widget_type=\"ucaddon_archive_pagination.default\">\n\t\t\t\t<div class=\"elementor-widget-container\">\n\t\t\t\t\t\n<!-- start Post Pagination -->\n\n<style>\/* widget: Post Pagination *\/\n\n#uc_archive_pagination_elementor_a8b7b6e nav\n{\n  padding:0px;\n  margin:0px;\n}\n\n#uc_archive_pagination_elementor_a8b7b6e \n{\n  display:flex;\n  flex-wrap: wrap;\n  justify-content:center;\n}\n\n#uc_archive_pagination_elementor_a8b7b6e .nav-links\n{\n  display:flex;\n  justify-content:center;\n}\n\n#uc_archive_pagination_elementor_a8b7b6e .nav-links > *\n{\n}\n\n#uc_archive_pagination_elementor_a8b7b6e .page-numbers\n{\n  display:flex;\n  \n  align-items:center;\n  justify-content:center;\n  transition:0.3s;\n  line-height:1em;\n}\n\n\n#uc_archive_pagination_elementor_a8b7b6e a.page-numbers, #uc_archive_pagination_elementor_a8b7b6e .dots\n{\n  color:#204359;\n  background-color:;\n}\n\n#uc_archive_pagination_elementor_a8b7b6e a.page-numbers:hover\n{\n  color:#2E82B5;\n  background-color:#FFFFFF;\n}\n\n#uc_archive_pagination_elementor_a8b7b6e .page-numbers.current,\n#uc_archive_pagination_elementor_a8b7b6e .page-numbers.current:hover\n{\n  background-color:#204359;\n  color:#FFFFFF;\n}\n\n\n#uc_archive_pagination_elementor_a8b7b6e .page-numbers.prev, #uc_archive_pagination_elementor_a8b7b6e .page-numbers.next\n{\n  padding-left:15px;\n  padding-right:15px;\n}\n\n\n\n#uc_archive_pagination_elementor_a8b7b6e .prev:before {\n   font-family: \"Font Awesome 5 Free\";\n   content: \"\\f053\";\n   display: inline-block;\n   vertical-align: middle;\n   font-weight: 900;\n   padding-right:10px;}\n\n#uc_archive_pagination_elementor_a8b7b6e .next:after {\n   font-family: \"Font Awesome 5 Free\";\n   content: \"\\f054\";\n   display: inline-block;\n   vertical-align: middle;\n   font-weight: 900;\n   padding-left:10px;}\n\n#uc_archive_pagination_elementor_a8b7b6e.uc-ajax-loading{\n\topacity:1 !important;\n}\n\n#uc_archive_pagination_elementor_a8b7b6e.uc-ajax-loading .current{\n\tposition:relative;\n    overflow:hidden;\n}\n\n\n#uc_archive_pagination_elementor_a8b7b6e.uc-ajax-loading .current:before{\n  content: \"\";\n  display:block;\n  width:100%;\n  height:100%;\n  box-sizing:border-box;\n  position:absolute;\n  top:0px;\n  left:0px;\n  background-color: #c2c2c2;\n  animation: uc-spinning-border 0.5s linear infinite;\n  opacity:50%;\n  border-radius:inherit;\n}\n\n@keyframes uc-spinning-border {\n\t0%{transform: scale(0);}\n\t100%{transform: scale(1); }\t\n}\n\n\n\n<\/style>\n\n<div id=\"uc_archive_pagination_elementor_a8b7b6e\" class=\"archive_pagination uc-filter-pagination \">\n\n<\/div>\n<!-- end Post Pagination -->\t\t\t\t<\/div>\n\t\t\t\t<\/div>\n\t\t\t\t<\/div>\n\t\t<div class=\"elementor-element elementor-element-a92a1cd e-con-full e-flex e-con e-child\" data-id=\"a92a1cd\" data-element_type=\"container\" data-e-type=\"container\">\n\t\t\t\t<div class=\"elementor-element elementor-element-c46d255 elementor-widget elementor-widget-heading\" data-id=\"c46d255\" data-element_type=\"widget\" data-e-type=\"widget\" data-widget_type=\"heading.default\">\n\t\t\t\t<div class=\"elementor-widget-container\">\n\t\t\t\t\t<h3 class=\"elementor-heading-title elementor-size-default\">besoin d'aide?<\/h3>\t\t\t\t<\/div>\n\t\t\t\t<\/div>\n\t\t\t\t<div class=\"elementor-element elementor-element-e45333e elementor-widget elementor-widget-text-editor\" data-id=\"e45333e\" data-element_type=\"widget\" data-e-type=\"widget\" data-widget_type=\"text-editor.default\">\n\t\t\t\t<div class=\"elementor-widget-container\">\n\t\t\t\t\t\t\t\t\t<p><a href=\"https:\/\/calendar.google.com\/calendar\/u\/0\/appointments\/schedules\/AcZssZ0YpQsLMHKNRNCg3y38aRuFyU-t9ofnNNxZp8dFvQ1rE-A5wXdgj-PgXzD9RdzUgfUSVPOX6wzu\" target=\"_blank\" rel=\"noopener\">prenez rendez-vous<\/a><br><a href=\"mailto:contact@ba.be?subject=website%20BA%20contact\" target=\"_top\">contact@ba.be<\/a><br><a href=\"tel:+3216298045\">+32 (0)16 29 80 45<\/a><\/p>\t\t\t\t\t\t\t\t<\/div>\n\t\t\t\t<\/div>\n\t\t\t\t<div class=\"elementor-element elementor-element-a4faef7 elementor-widget elementor-widget-heading\" data-id=\"a4faef7\" data-element_type=\"widget\" data-e-type=\"widget\" data-widget_type=\"heading.default\">\n\t\t\t\t<div class=\"elementor-widget-container\">\n\t\t\t\t\t<h3 class=\"elementor-heading-title elementor-size-default\">services<\/h3>\t\t\t\t<\/div>\n\t\t\t\t<\/div>\n\t\t\t\t<div class=\"elementor-element elementor-element-6442abe elementor-widget elementor-widget-text-editor\" data-id=\"6442abe\" data-element_type=\"widget\" data-e-type=\"widget\" data-widget_type=\"text-editor.default\">\n\t\t\t\t<div class=\"elementor-widget-container\">\n\t\t\t\t\t\t\t\t\t<p><a href=\"https:\/\/ba.be\/fr\/services\/conseil\/\">conseil<\/a><br><a href=\"https:\/\/ba.be\/fr\/services\/formation\/\">formation<\/a><br><a href=\"https:\/\/ba.be\/fr\/services\/produits\/\">produits<\/a><\/p>\t\t\t\t\t\t\t\t<\/div>\n\t\t\t\t<\/div>\n\t\t\t\t<div class=\"elementor-element elementor-element-33541eb elementor-widget elementor-widget-heading\" data-id=\"33541eb\" data-element_type=\"widget\" data-e-type=\"widget\" data-widget_type=\"heading.default\">\n\t\t\t\t<div class=\"elementor-widget-container\">\n\t\t\t\t\t<h3 class=\"elementor-heading-title elementor-size-default\">Suivez BA<\/h3>\t\t\t\t<\/div>\n\t\t\t\t<\/div>\n\t\t\t\t<div class=\"elementor-element elementor-element-ae8c630 elementor-shape-circle e-grid-align-left elementor-grid-0 elementor-widget elementor-widget-social-icons\" data-id=\"ae8c630\" data-element_type=\"widget\" data-e-type=\"widget\" data-widget_type=\"social-icons.default\">\n\t\t\t\t<div class=\"elementor-widget-container\">\n\t\t\t\t\t\t\t<div class=\"elementor-social-icons-wrapper elementor-grid\" role=\"list\">\n\t\t\t\t\t\t\t<span class=\"elementor-grid-item\" role=\"listitem\">\n\t\t\t\t\t<a class=\"elementor-icon elementor-social-icon elementor-social-icon-linkedin elementor-repeater-item-b3ed7e5\" href=\"https:\/\/www.linkedin.com\/company\/5069320\/\" target=\"_blank\">\n\t\t\t\t\t\t<span class=\"elementor-screen-only\">Linkedin<\/span>\n\t\t\t\t\t\t<svg aria-hidden=\"true\" class=\"e-font-icon-svg e-fab-linkedin\" viewBox=\"0 0 448 512\" xmlns=\"http:\/\/www.w3.org\/2000\/svg\"><path d=\"M416 32H31.9C14.3 32 0 46.5 0 64.3v383.4C0 465.5 14.3 480 31.9 480H416c17.6 0 32-14.5 32-32.3V64.3c0-17.8-14.4-32.3-32-32.3zM135.4 416H69V202.2h66.5V416zm-33.2-243c-21.3 0-38.5-17.3-38.5-38.5S80.9 96 102.2 96c21.2 0 38.5 17.3 38.5 38.5 0 21.3-17.2 38.5-38.5 38.5zm282.1 243h-66.4V312c0-24.8-.5-56.7-34.5-56.7-34.6 0-39.9 27-39.9 54.9V416h-66.4V202.2h63.7v29.2h.9c8.9-16.8 30.6-34.5 62.9-34.5 67.2 0 79.7 44.3 79.7 101.9V416z\"><\/path><\/svg>\t\t\t\t\t<\/a>\n\t\t\t\t<\/span>\n\t\t\t\t\t\t\t<span class=\"elementor-grid-item\" role=\"listitem\">\n\t\t\t\t\t<a class=\"elementor-icon elementor-social-icon elementor-social-icon-x-twitter elementor-repeater-item-51f8910\" href=\"https:\/\/x.com\/batweets\" target=\"_blank\">\n\t\t\t\t\t\t<span class=\"elementor-screen-only\">X-twitter<\/span>\n\t\t\t\t\t\t<svg aria-hidden=\"true\" class=\"e-font-icon-svg e-fab-x-twitter\" viewBox=\"0 0 512 512\" xmlns=\"http:\/\/www.w3.org\/2000\/svg\"><path d=\"M389.2 48h70.6L305.6 224.2 487 464H345L233.7 318.6 106.5 464H35.8L200.7 275.5 26.8 48H172.4L272.9 180.9 389.2 48zM364.4 421.8h39.1L151.1 88h-42L364.4 421.8z\"><\/path><\/svg>\t\t\t\t\t<\/a>\n\t\t\t\t<\/span>\n\t\t\t\t\t<\/div>\n\t\t\t\t\t\t<\/div>\n\t\t\t\t<\/div>\n\t\t\t\t<\/div>\n\t\t\t\t\t<\/div>\n\t\t\t\t<\/div>\n\t\t\t\t<\/div>\n\t\t","protected":false},"excerpt":{"rendered":"<p>Nous ne croyons pas aux solutions standardis\u00e9es ni au jargon pour impressionner. Nos missions de conseil commencent toujours par une bonne conversation, une oreille attentive, une tasse de caf\u00e9 frais [&hellip;]<\/p>\n","protected":false},"author":1,"featured_media":0,"parent":4309,"menu_order":0,"comment_status":"closed","ping_status":"closed","template":"","meta":{"footnotes":""},"class_list":["post-4316","page","type-page","status-publish","hentry"],"_links":{"self":[{"href":"https:\/\/ba.be\/fr\/wp-json\/wp\/v2\/pages\/4316","targetHints":{"allow":["GET"]}}],"collection":[{"href":"https:\/\/ba.be\/fr\/wp-json\/wp\/v2\/pages"}],"about":[{"href":"https:\/\/ba.be\/fr\/wp-json\/wp\/v2\/types\/page"}],"author":[{"embeddable":true,"href":"https:\/\/ba.be\/fr\/wp-json\/wp\/v2\/users\/1"}],"replies":[{"embeddable":true,"href":"https:\/\/ba.be\/fr\/wp-json\/wp\/v2\/comments?post=4316"}],"version-history":[{"count":3,"href":"https:\/\/ba.be\/fr\/wp-json\/wp\/v2\/pages\/4316\/revisions"}],"predecessor-version":[{"id":4327,"href":"https:\/\/ba.be\/fr\/wp-json\/wp\/v2\/pages\/4316\/revisions\/4327"}],"up":[{"embeddable":true,"href":"https:\/\/ba.be\/fr\/wp-json\/wp\/v2\/pages\/4309"}],"wp:attachment":[{"href":"https:\/\/ba.be\/fr\/wp-json\/wp\/v2\/media?parent=4316"}],"curies":[{"name":"wp","href":"https:\/\/api.w.org\/{rel}","templated":true}]}}